{"id":617,"date":"2019-04-11T14:52:07","date_gmt":"2019-04-11T14:52:07","guid":{"rendered":"https:\/\/tecnodas.com\/?page_id=617"},"modified":"2020-01-13T14:46:00","modified_gmt":"2020-01-13T14:46:00","slug":"quienes-somos","status":"publish","type":"page","link":"https:\/\/appsbuzz.com\/blog\/quienes-somos\/","title":{"rendered":"Quienes Somos"},"content":{"rendered":"<p>Hola, mi nombre es Pablo y me considero un forofo de la tecnolog\u00eda.<\/p>\n<p>Todo empez\u00f3 hace ya muchos a\u00f1os cuando Google nos deleit\u00f3 con su primer smartphone con Android, el HTC Dream. A partir de ah\u00ed fue un no parar. Motorola Droid que fue mi terminal favorito e incluso empec\u00e9 a hacer mis pinitos con iPhone.<\/p>\n<p>No soy ning\u00fan hater de ninguno de ninguna de las marcas, aunque la verdad que cada vez se me hace m\u00e1s dificil acceder a determinadas por sus altos precios. Por eso ultimamente me fascina Xiaomi y marcas \u00abchinas\u00bb similares.<\/p>\n<p>Espero que te guste mi blog y te parezcan interesantes los consejos, apps y terminales de los que hablo.<\/p>\n<p><img loading=\"lazy\" decoding=\"async\" class=\"aligncenter size-full wp-image-618\" src=\"https:\/\/tecnodas.com\/wp-content\/uploads\/2019\/04\/pablo-ruiz.jpg\" alt=\"Pablo Ruiz\" width=\"213\" height=\"277\" \/><\/p>\n<div style='text-align:left' class='yasr-auto-insert-visitor'><\/div>","protected":false},"excerpt":{"rendered":"Hola, mi nombre es Pablo y me considero un forofo de la tecnolog\u00eda. Todo empez\u00f3 hace ya muchos a\u00f1os cuando Google nos deleit\u00f3 \n<a class=\"moretag\" href=\"https:\/\/appsbuzz.com\/blog\/quienes-somos\/\"> [...]<\/a>","protected":false},"author":1,"featured_media":0,"parent":0,"menu_order":0,"comment_status":"closed","ping_status":"closed","template":"","meta":{"yasr_overall_rating":0,"yasr_post_is_review":"","yasr_auto_insert_disabled":"","yasr_review_type":"Other","footnotes":""},"class_list":["post-617","page","type-page","status-publish","hentry"],"yoast_head":"<!-- This site is optimized with the Yoast SEO plugin v23.7 - https:\/\/yoast.com\/wordpress\/plugins\/seo\/ -->\n<title>Quienes Somos - Appsbuzz<\/title>\n<meta name=\"robots\" content=\"noindex, follow\" \/>\n<meta property=\"og:locale\" content=\"es_ES\" \/>\n<meta property=\"og:type\" content=\"article\" \/>\n<meta property=\"og:title\" content=\"Quienes Somos - Appsbuzz\" \/>\n<meta property=\"og:description\" content=\"Hola, mi nombre es Pablo y me considero un forofo de la tecnolog\u00eda. Todo empez\u00f3 hace ya muchos a\u00f1os cuando Google nos deleit\u00f3\" \/>\n<meta property=\"og:url\" content=\"https:\/\/appsbuzz.com\/blog\/quienes-somos\/\" \/>\n<meta property=\"og:site_name\" content=\"Appsbuzz\" \/>\n<meta property=\"article:modified_time\" content=\"2020-01-13T14:46:00+00:00\" \/>\n<meta property=\"og:image\" content=\"https:\/\/appsbuzz.com\/blog\/wp-content\/uploads\/2019\/04\/pablo-ruiz.jpg\" \/>\n\t<meta property=\"og:image:width\" content=\"213\" \/>\n\t<meta property=\"og:image:height\" content=\"277\" \/>\n\t<meta property=\"og:image:type\" content=\"image\/jpeg\" \/>\n<meta name=\"twitter:card\" content=\"summary_large_image\" \/>\n<meta name=\"twitter:label1\" content=\"Tiempo de lectura\" \/>\n\t<meta name=\"twitter:data1\" content=\"1 minuto\" \/>\n<script type=\"application\/ld+json\" class=\"yoast-schema-graph\">{\"@context\":\"https:\/\/schema.org\",\"@graph\":[{\"@type\":\"WebPage\",\"@id\":\"https:\/\/appsbuzz.com\/blog\/quienes-somos\/\",\"url\":\"https:\/\/appsbuzz.com\/blog\/quienes-somos\/\",\"name\":\"Quienes Somos - Appsbuzz\",\"isPartOf\":{\"@id\":\"https:\/\/appsbuzz.com\/blog\/#website\"},\"primaryImageOfPage\":{\"@id\":\"https:\/\/appsbuzz.com\/blog\/quienes-somos\/#primaryimage\"},\"image\":{\"@id\":\"https:\/\/appsbuzz.com\/blog\/quienes-somos\/#primaryimage\"},\"thumbnailUrl\":\"https:\/\/tecnodas.com\/wp-content\/uploads\/2019\/04\/pablo-ruiz.jpg\",\"datePublished\":\"2019-04-11T14:52:07+00:00\",\"dateModified\":\"2020-01-13T14:46:00+00:00\",\"breadcrumb\":{\"@id\":\"https:\/\/appsbuzz.com\/blog\/quienes-somos\/#breadcrumb\"},\"inLanguage\":\"es\",\"potentialAction\":[{\"@type\":\"ReadAction\",\"target\":[\"https:\/\/appsbuzz.com\/blog\/quienes-somos\/\"]}]},{\"@type\":\"ImageObject\",\"inLanguage\":\"es\",\"@id\":\"https:\/\/appsbuzz.com\/blog\/quienes-somos\/#primaryimage\",\"url\":\"https:\/\/tecnodas.com\/wp-content\/uploads\/2019\/04\/pablo-ruiz.jpg\",\"contentUrl\":\"https:\/\/tecnodas.com\/wp-content\/uploads\/2019\/04\/pablo-ruiz.jpg\"},{\"@type\":\"BreadcrumbList\",\"@id\":\"https:\/\/appsbuzz.com\/blog\/quienes-somos\/#breadcrumb\",\"itemListElement\":[{\"@type\":\"ListItem\",\"position\":1,\"name\":\"Portada\",\"item\":\"https:\/\/appsbuzz.com\/blog\/\"},{\"@type\":\"ListItem\",\"position\":2,\"name\":\"Quienes Somos\"}]},{\"@type\":\"WebSite\",\"@id\":\"https:\/\/appsbuzz.com\/blog\/#website\",\"url\":\"https:\/\/appsbuzz.com\/blog\/\",\"name\":\"Appsbuzz\",\"description\":\"Apps, Celulares y Tutoriales\",\"publisher\":{\"@id\":\"https:\/\/appsbuzz.com\/blog\/#organization\"},\"potentialAction\":[{\"@type\":\"SearchAction\",\"target\":{\"@type\":\"EntryPoint\",\"urlTemplate\":\"https:\/\/appsbuzz.com\/blog\/?s={search_term_string}\"},\"query-input\":{\"@type\":\"PropertyValueSpecification\",\"valueRequired\":true,\"valueName\":\"search_term_string\"}}],\"inLanguage\":\"es\"},{\"@type\":\"Organization\",\"@id\":\"https:\/\/appsbuzz.com\/blog\/#organization\",\"name\":\"Appsbuzz\",\"url\":\"https:\/\/appsbuzz.com\/blog\/\",\"logo\":{\"@type\":\"ImageObject\",\"inLanguage\":\"es\",\"@id\":\"https:\/\/appsbuzz.com\/blog\/#\/schema\/logo\/image\/\",\"url\":\"https:\/\/appsbuzz.com\/blog\/wp-content\/uploads\/2018\/04\/logo-tdas.png\",\"contentUrl\":\"https:\/\/appsbuzz.com\/blog\/wp-content\/uploads\/2018\/04\/logo-tdas.png\",\"width\":222,\"height\":68,\"caption\":\"Appsbuzz\"},\"image\":{\"@id\":\"https:\/\/appsbuzz.com\/blog\/#\/schema\/logo\/image\/\"},\"sameAs\":[\"https:\/\/www.pinterest.es\/tecnodas\/\"]},false]}<\/script>\n<!-- \/ Yoast SEO plugin. -->","yoast_head_json":{"title":"Quienes Somos - Appsbuzz","robots":{"index":"noindex","follow":"follow"},"og_locale":"es_ES","og_type":"article","og_title":"Quienes Somos - Appsbuzz","og_description":"Hola, mi nombre es Pablo y me considero un forofo de la tecnolog\u00eda. Todo empez\u00f3 hace ya muchos a\u00f1os cuando Google nos deleit\u00f3","og_url":"https:\/\/appsbuzz.com\/blog\/quienes-somos\/","og_site_name":"Appsbuzz","article_modified_time":"2020-01-13T14:46:00+00:00","og_image":[{"width":213,"height":277,"url":"https:\/\/appsbuzz.com\/blog\/wp-content\/uploads\/2019\/04\/pablo-ruiz.jpg","type":"image\/jpeg"}],"twitter_card":"summary_large_image","twitter_misc":{"Tiempo de lectura":"1 minuto"},"schema":{"@context":"https:\/\/schema.org","@graph":[{"@type":"WebPage","@id":"https:\/\/appsbuzz.com\/blog\/quienes-somos\/","url":"https:\/\/appsbuzz.com\/blog\/quienes-somos\/","name":"Quienes Somos - Appsbuzz","isPartOf":{"@id":"https:\/\/appsbuzz.com\/blog\/#website"},"primaryImageOfPage":{"@id":"https:\/\/appsbuzz.com\/blog\/quienes-somos\/#primaryimage"},"image":{"@id":"https:\/\/appsbuzz.com\/blog\/quienes-somos\/#primaryimage"},"thumbnailUrl":"https:\/\/tecnodas.com\/wp-content\/uploads\/2019\/04\/pablo-ruiz.jpg","datePublished":"2019-04-11T14:52:07+00:00","dateModified":"2020-01-13T14:46:00+00:00","breadcrumb":{"@id":"https:\/\/appsbuzz.com\/blog\/quienes-somos\/#breadcrumb"},"inLanguage":"es","potentialAction":[{"@type":"ReadAction","target":["https:\/\/appsbuzz.com\/blog\/quienes-somos\/"]}]},{"@type":"ImageObject","inLanguage":"es","@id":"https:\/\/appsbuzz.com\/blog\/quienes-somos\/#primaryimage","url":"https:\/\/tecnodas.com\/wp-content\/uploads\/2019\/04\/pablo-ruiz.jpg","contentUrl":"https:\/\/tecnodas.com\/wp-content\/uploads\/2019\/04\/pablo-ruiz.jpg"},{"@type":"BreadcrumbList","@id":"https:\/\/appsbuzz.com\/blog\/quienes-somos\/#breadcrumb","itemListElement":[{"@type":"ListItem","position":1,"name":"Portada","item":"https:\/\/appsbuzz.com\/blog\/"},{"@type":"ListItem","position":2,"name":"Quienes Somos"}]},{"@type":"WebSite","@id":"https:\/\/appsbuzz.com\/blog\/#website","url":"https:\/\/appsbuzz.com\/blog\/","name":"Appsbuzz","description":"Apps, Celulares y Tutoriales","publisher":{"@id":"https:\/\/appsbuzz.com\/blog\/#organization"},"potentialAction":[{"@type":"SearchAction","target":{"@type":"EntryPoint","urlTemplate":"https:\/\/appsbuzz.com\/blog\/?s={search_term_string}"},"query-input":{"@type":"PropertyValueSpecification","valueRequired":true,"valueName":"search_term_string"}}],"inLanguage":"es"},{"@type":"Organization","@id":"https:\/\/appsbuzz.com\/blog\/#organization","name":"Appsbuzz","url":"https:\/\/appsbuzz.com\/blog\/","logo":{"@type":"ImageObject","inLanguage":"es","@id":"https:\/\/appsbuzz.com\/blog\/#\/schema\/logo\/image\/","url":"https:\/\/appsbuzz.com\/blog\/wp-content\/uploads\/2018\/04\/logo-tdas.png","contentUrl":"https:\/\/appsbuzz.com\/blog\/wp-content\/uploads\/2018\/04\/logo-tdas.png","width":222,"height":68,"caption":"Appsbuzz"},"image":{"@id":"https:\/\/appsbuzz.com\/blog\/#\/schema\/logo\/image\/"},"sameAs":["https:\/\/www.pinterest.es\/tecnodas\/"]},false]}},"yasr_visitor_votes":{"stars_attributes":{"read_only":false,"span_bottom":false},"number_of_votes":0,"sum_votes":0},"_links":{"self":[{"href":"https:\/\/appsbuzz.com\/blog\/wp-json\/wp\/v2\/pages\/617"}],"collection":[{"href":"https:\/\/appsbuzz.com\/blog\/wp-json\/wp\/v2\/pages"}],"about":[{"href":"https:\/\/appsbuzz.com\/blog\/wp-json\/wp\/v2\/types\/page"}],"author":[{"embeddable":true,"href":"https:\/\/appsbuzz.com\/blog\/wp-json\/wp\/v2\/users\/1"}],"replies":[{"embeddable":true,"href":"https:\/\/appsbuzz.com\/blog\/wp-json\/wp\/v2\/comments?post=617"}],"version-history":[{"count":0,"href":"https:\/\/appsbuzz.com\/blog\/wp-json\/wp\/v2\/pages\/617\/revisions"}],"wp:attachment":[{"href":"https:\/\/appsbuzz.com\/blog\/wp-json\/wp\/v2\/media?parent=617"}],"curies":[{"name":"wp","href":"https:\/\/api.w.org\/{rel}","templated":true}]}}