{"id":313,"date":"2018-10-04T14:03:17","date_gmt":"2018-10-04T14:03:17","guid":{"rendered":"https:\/\/tecnodas.com\/?page_id=313"},"modified":"2020-01-13T14:45:45","modified_gmt":"2020-01-13T14:45:45","slug":"politica-de-privacidad","status":"publish","type":"page","link":"https:\/\/appsbuzz.com\/blog\/politica-de-privacidad\/","title":{"rendered":"Politica de Privacidad"},"content":{"rendered":"<h2><span id=\"Politica_de_privacidad\"><strong>Pol\u00edtica de privacidad<\/strong><\/span><\/h2>\n<p>AppsBuzz.com est\u00e1 adaptado a las exigencias de las diferentes leyes: <strong><a href=\"https:\/\/www.boe.es\/doue\/2016\/119\/L00001-00088.pdf\" target=\"_blank\" rel=\"noopener noreferrer\">RGPD<\/a><\/strong>, la\u00a0<a href=\"https:\/\/www.boe.es\/buscar\/doc.php?id=BOE-A-1999-23750\" target=\"_blank\" rel=\"noopener noreferrer\"><strong>LOPD<\/strong><\/a>\u00a0y la\u00a0<a href=\"https:\/\/www.boe.es\/buscar\/doc.php?id=BOE-A-2002-13758\" target=\"_blank\" rel=\"noopener noreferrer\"><strong>LSSI<\/strong><\/a><\/p>\n<h3><span id=\"Proteccion_de_datos_personales\"><strong><span id=\"PROTECCION_DE_DATOS_PERSONALES\">Protecci\u00f3n de datos personales<\/span><\/strong><\/span><\/h3>\n<p>En el tratamiento de sus datos personales se aplicar\u00e1n los siguientes principios que se ajustan a las exigencias del nuevo reglamento europeo de protecci\u00f3n de datos:<\/p>\n<ul>\n<li><b>Principio de licitud, lealtad y transparencia:<\/b>\u00a0siempre se requerir\u00e1 su consentimiento para el tratamiento de sus datos personales para uno o varios fines espec\u00edficos que se le informar\u00e1n previamente con absoluta transparencia.<\/li>\n<li><b>Principio de minimizaci\u00f3n de datos:<\/b>\u00a0solo se solicitar\u00e1n datos estrictamente necesarios en relaci\u00f3n con los fines para los que se necesitan.<\/li>\n<li><b>Principio de limitaci\u00f3n del plazo de conservaci\u00f3n:<\/b>\u00a0los datos ser\u00e1n mantenidos durante no m\u00e1s tiempo del necesario para los fines del tratamiento, en funci\u00f3n a la finalidad, se le informarar\u00e1 del plazo de conservaci\u00f3n correspondiente, en el caso de suscripciones, peri\u00f3dicamente se revisar\u00e1n las listas y eliminar\u00e1n aquellos registros inactivos durante un tiempo considerable.<\/li>\n<li><b>Principio de integridad y confidencialidad:<\/b>\u00a0sus datos ser\u00e1n tratados de tal manera que se garantice una seguridad adecuada de los datos personales y se garantice confidencialidad. Se toman todas las precauciones necesarias para evitar el acceso no autorizado o uso indebido de los datos de los usuarios por parte de terceros.<\/li>\n<\/ul>\n<h3>\u00bfRecogemos alg\u00fan tipo de dato en AppsBuzz.com?<\/h3>\n<p>S\u00f3lamente cuando deje alg\u00fan comentario. En este caso se solicita nombre o apodo, email y si quiere dejar su sitio web, algo totalmente voluntario.<\/p>\n<h3><span id=\"Con_que_finalidad_se_utilizan_sus_datos_personales\"><strong>\u00bfCon qu\u00e9 finalidad se utilizan sus datos personales?<\/strong><\/span><\/h3>\n<p>La \u00fanica finalidad es para comunicarle que su comentario ha tenido alg\u00fan tipo de respuesta.<\/p>\n<p>Puede pedir la eliminaci\u00f3n de cualquier dato que haya proporcionado en comentarios en\u00a0 info@AppsBuzz.com.<\/p>\n<h3><span id=\"Sus_derechos_cuando_facilita_sus_datos\"><strong>Sus derechos cuando facilita sus datos<\/strong><\/span><\/h3>\n<p>La legislaci\u00f3n vigente en materia de Protecci\u00f3n de Datos reconoce una serie de derechos que el Usuario tiene sobre AppsBuzz.com\u00a0como Usuario que ha prestado sus datos, como son:<\/p>\n<ul>\n<li>Solicitar el acceso a los datos personales relativos al interesado<\/li>\n<li>Solicitar su rectificaci\u00f3n o supresi\u00f3n<\/li>\n<li>Solicitar la limitaci\u00f3n de su tratamiento<\/li>\n<li>Oponerse al tratamiento<\/li>\n<\/ul>\n<h3><span id=\"Legitimacion_para_el_tratamiento_de_sus_datos\"><strong>Legitimaci\u00f3n para el tratamiento de sus datos<\/strong><\/span><\/h3>\n<p>La base legal para el tratamiento de sus datos es\u00a0<span class=\"btlabel bluth green\">el consentimiento<\/span><\/p>\n<p>Para contactar, suscribirse o realizar comentarios en AppsBuzz.com se requiere su consentimiento con esta pol\u00edtica de privacidad.<\/p>\n<h3><span id=\"Categoria_de_datos\"><strong>Categor\u00eda de datos<\/strong><\/span><\/h3>\n<p>Las categor\u00edas de los datos que se tratan en este blog son simplemente\u00a0<span class=\"btlabel bluth green\">datos identificativos<\/span><\/p>\n<p>No se tratan categor\u00edas de datos especialmente protegidos.<\/p>\n<h3><span id=\"Por_cuanto_tiempo_se_conservaran_sus_datos\"><strong>\u00bfPor cu\u00e1nto tiempo se conservar\u00e1n sus datos?<\/strong><\/span><\/h3>\n<p>Los datos personales que proporcione se conservar\u00e1n\u00a0<span class=\"btlabel bluth green\">hasta que pida que los elimine.<\/span><\/p>\n<h3><span id=\"A_que_destinatarios_se_comunicaran_sus_datos\"><strong>\u00bfA qu\u00e9 destinatarios se comunicar\u00e1n sus datos?<\/strong><\/span><\/h3>\n<p>Para poder prestar servicios estrictamente necesarios para el desarrollo de AppsBuzz.com, se comparten datos con los siguientes prestadores bajo sus correspondientes condiciones de privacidad:<\/p>\n<p><b>Google AdSense:<\/b>\u00a0Esta web usa\u00a0<a href=\"https:\/\/www.google.es\/adsense\/start\/#\/?modal_active=none\" target=\"_blank\" rel=\"noopener noreferrer\">Google AdSense<\/a>\u00a0(Google) para mostrar anuncios a los usuarios que acceden a esta web. Al colaborar con google, se utilizan cookies para mostrarte anuncios relacionados con las b\u00fasquedas recientes del Usuario y mostrarle anuncios m\u00e1s relevantes.<\/p>\n<p>Se incluyen en este tipo de cookies servicios de terceros como: AdSense, as\u00ed como una serie de servicios de la marca DoubleClick. Al visitar esta p\u00e1gina, se env\u00edan cookies procedentes de esos servicios a su navegador. Consulta m\u00e1s informaci\u00f3n sobre los\u00a0<a href=\"https:\/\/www.google.es\/intl\/es\/policies\/technologies\/types\/\" target=\"_blank\" rel=\"noopener noreferrer\">tipos de cookies que utiliza Google<\/a>, y descubre\u00a0<a href=\"https:\/\/www.google.es\/intl\/es\/policies\/technologies\/cookies\/\" target=\"_blank\" rel=\"noopener noreferrer\">c\u00f3mo Google utiliza estas cookies<\/a>.<\/p>\n<p>Recuerde que puedes utilizar la\u00a0<a href=\"https:\/\/adssettings.google.com\/authenticated?hl=es\" target=\"_blank\" rel=\"noopener noreferrer\">configuraci\u00f3n de anuncios<\/a>\u00a0para administrar los anuncios de Google que quiere que se le muestren y los que no, basados en sus intereses. Aunque decida no recibir este tipo de anuncios, pueden seguir apareciendo en funci\u00f3n de factores como su ubicaci\u00f3n general derivada de la direcci\u00f3n IP, el tipo de navegador y las b\u00fasquedas recientes y anteriores relacionadas con su b\u00fasqueda actual.<\/p>\n<p>Si deseas obtener m\u00e1s informaci\u00f3n sobre esta pr\u00e1ctica y conocer sus opciones para impedir que estas empresas usen esta informaci\u00f3n,\u00a0<a href=\"https:\/\/www.google.es\/policies\/privacy\" target=\"_blank\" rel=\"noopener noreferrer\">haz clic aqu\u00ed<\/a>.<\/p>\n<h3><span id=\"Navegacion\"><strong>Navegaci\u00f3n<\/strong><\/span><\/h3>\n<p>Al navegar por AppsBuzz.com se pueden recoger datos no identificables, que pueden incluir, direcciones IP (truncadas), ubicaci\u00f3n geogr\u00e1fica (aproximadamente), un registro de c\u00f3mo se utilizan los servicios y sitios, y otros datos que <strong>no pueden ser utilizados para identificar al usuario<\/strong>.<\/p>\n<p>Nuestro servicio de conteo de usuarios es proveido por <a href=\"https:\/\/yandex.com\/legal\/privacy\/\" target=\"_blank\" rel=\"noopener noreferrer\">Yandex Metrica.<\/a><\/p>\n<p>Se utiliza esta informaci\u00f3n para analizar tendencias, administrar la web, rastrear los movimientos de los usuarios alrededor de la web y para recopilar informaci\u00f3n demogr\u00e1fica sobre la base de usuarios en su conjunto.<\/p>\n<h3><span id=\"Aceptacion_y_Consentimiento\"><strong>Aceptaci\u00f3n y Consentimiento<\/strong><\/span><\/h3>\n<p>Como una pol\u00edtica de privacidad es un contrato entre usted y AppsBuzz.com para poder entenderse, es necesario que la haya le\u00eddo y <strong>est\u00e9 conforme<\/strong>\u00a0con estas condiciones sobre la protecci\u00f3n de datos de car\u00e1cter personal, aceptando y consintiendo el tratamiento de los mismos y para las finalidades que se han indicado en esta pol\u00edtica y en el\u00a0aviso legal.<\/p>\n<p>Si tienes cualquier duda o comentario sobre esta pol\u00edtica de privacidad, puede contactar en el formulario de contacto.<\/p>\n<h3><span id=\"Revocabilidad\"><strong>Revocabilidad<\/strong><\/span><\/h3>\n<p>El consentimiento que presta como usuario, tanto para el tratamiento como para la cesi\u00f3n de sus datos,\u00a0<strong>es revocable en cualquier momento<\/strong> comunic\u00e1ndolo a AppsBuzz.com tal y como se explica en esta Pol\u00edtica de Privacidad para el ejercicio de los derechos ARCO.<\/p>\n<p>Esta revocaci\u00f3n en ning\u00fan caso tendr\u00e1 car\u00e1cter retroactivo.<\/p>\n<div style='text-align:left' class='yasr-auto-insert-visitor'><\/div>","protected":false},"excerpt":{"rendered":"Pol\u00edtica de privacidad AppsBuzz.com est\u00e1 adaptado a las exigencias de las diferentes leyes: RGPD, la\u00a0LOPD\u00a0y la\u00a0LSSI Protecci\u00f3n de datos personales En el tratamiento \n<a class=\"moretag\" href=\"https:\/\/appsbuzz.com\/blog\/politica-de-privacidad\/\"> [...]<\/a>","protected":false},"author":1,"featured_media":0,"parent":0,"menu_order":0,"comment_status":"closed","ping_status":"closed","template":"","meta":{"yasr_overall_rating":0,"yasr_post_is_review":"","yasr_auto_insert_disabled":"","yasr_review_type":"Other","footnotes":""},"class_list":["post-313","page","type-page","status-publish","hentry"],"yoast_head":"<!-- This site is optimized with the Yoast SEO plugin v23.7 - https:\/\/yoast.com\/wordpress\/plugins\/seo\/ -->\n<title>Politica de Privacidad - Appsbuzz<\/title>\n<meta name=\"robots\" content=\"noindex, nofollow\" \/>\n<meta property=\"og:locale\" content=\"es_ES\" \/>\n<meta property=\"og:type\" content=\"article\" \/>\n<meta property=\"og:title\" content=\"Politica de Privacidad - Appsbuzz\" \/>\n<meta property=\"og:description\" content=\"Pol\u00edtica de privacidad AppsBuzz.com est\u00e1 adaptado a las exigencias de las diferentes leyes: RGPD, la\u00a0LOPD\u00a0y la\u00a0LSSI Protecci\u00f3n de datos personales En el tratamiento\" \/>\n<meta property=\"og:url\" content=\"https:\/\/appsbuzz.com\/blog\/politica-de-privacidad\/\" \/>\n<meta property=\"og:site_name\" content=\"Appsbuzz\" \/>\n<meta property=\"article:modified_time\" content=\"2020-01-13T14:45:45+00:00\" \/>\n<meta name=\"twitter:card\" content=\"summary_large_image\" \/>\n<meta name=\"twitter:label1\" content=\"Tiempo de lectura\" \/>\n\t<meta name=\"twitter:data1\" content=\"5 minutos\" \/>\n<script type=\"application\/ld+json\" class=\"yoast-schema-graph\">{\"@context\":\"https:\/\/schema.org\",\"@graph\":[{\"@type\":\"WebPage\",\"@id\":\"https:\/\/appsbuzz.com\/blog\/politica-de-privacidad\/\",\"url\":\"https:\/\/appsbuzz.com\/blog\/politica-de-privacidad\/\",\"name\":\"Politica de Privacidad - Appsbuzz\",\"isPartOf\":{\"@id\":\"https:\/\/appsbuzz.com\/blog\/#website\"},\"datePublished\":\"2018-10-04T14:03:17+00:00\",\"dateModified\":\"2020-01-13T14:45:45+00:00\",\"breadcrumb\":{\"@id\":\"https:\/\/appsbuzz.com\/blog\/politica-de-privacidad\/#breadcrumb\"},\"inLanguage\":\"es\",\"potentialAction\":[{\"@type\":\"ReadAction\",\"target\":[\"https:\/\/appsbuzz.com\/blog\/politica-de-privacidad\/\"]}]},{\"@type\":\"BreadcrumbList\",\"@id\":\"https:\/\/appsbuzz.com\/blog\/politica-de-privacidad\/#breadcrumb\",\"itemListElement\":[{\"@type\":\"ListItem\",\"position\":1,\"name\":\"Portada\",\"item\":\"https:\/\/appsbuzz.com\/blog\/\"},{\"@type\":\"ListItem\",\"position\":2,\"name\":\"Politica de Privacidad\"}]},{\"@type\":\"WebSite\",\"@id\":\"https:\/\/appsbuzz.com\/blog\/#website\",\"url\":\"https:\/\/appsbuzz.com\/blog\/\",\"name\":\"Appsbuzz\",\"description\":\"Apps, Celulares y Tutoriales\",\"publisher\":{\"@id\":\"https:\/\/appsbuzz.com\/blog\/#organization\"},\"potentialAction\":[{\"@type\":\"SearchAction\",\"target\":{\"@type\":\"EntryPoint\",\"urlTemplate\":\"https:\/\/appsbuzz.com\/blog\/?s={search_term_string}\"},\"query-input\":{\"@type\":\"PropertyValueSpecification\",\"valueRequired\":true,\"valueName\":\"search_term_string\"}}],\"inLanguage\":\"es\"},{\"@type\":\"Organization\",\"@id\":\"https:\/\/appsbuzz.com\/blog\/#organization\",\"name\":\"Appsbuzz\",\"url\":\"https:\/\/appsbuzz.com\/blog\/\",\"logo\":{\"@type\":\"ImageObject\",\"inLanguage\":\"es\",\"@id\":\"https:\/\/appsbuzz.com\/blog\/#\/schema\/logo\/image\/\",\"url\":\"https:\/\/appsbuzz.com\/blog\/wp-content\/uploads\/2018\/04\/logo-tdas.png\",\"contentUrl\":\"https:\/\/appsbuzz.com\/blog\/wp-content\/uploads\/2018\/04\/logo-tdas.png\",\"width\":222,\"height\":68,\"caption\":\"Appsbuzz\"},\"image\":{\"@id\":\"https:\/\/appsbuzz.com\/blog\/#\/schema\/logo\/image\/\"},\"sameAs\":[\"https:\/\/www.pinterest.es\/tecnodas\/\"]},false]}<\/script>\n<!-- \/ Yoast SEO plugin. -->","yoast_head_json":{"title":"Politica de Privacidad - Appsbuzz","robots":{"index":"noindex","follow":"nofollow"},"og_locale":"es_ES","og_type":"article","og_title":"Politica de Privacidad - Appsbuzz","og_description":"Pol\u00edtica de privacidad AppsBuzz.com est\u00e1 adaptado a las exigencias de las diferentes leyes: RGPD, la\u00a0LOPD\u00a0y la\u00a0LSSI Protecci\u00f3n de datos personales En el tratamiento","og_url":"https:\/\/appsbuzz.com\/blog\/politica-de-privacidad\/","og_site_name":"Appsbuzz","article_modified_time":"2020-01-13T14:45:45+00:00","twitter_card":"summary_large_image","twitter_misc":{"Tiempo de lectura":"5 minutos"},"schema":{"@context":"https:\/\/schema.org","@graph":[{"@type":"WebPage","@id":"https:\/\/appsbuzz.com\/blog\/politica-de-privacidad\/","url":"https:\/\/appsbuzz.com\/blog\/politica-de-privacidad\/","name":"Politica de Privacidad - Appsbuzz","isPartOf":{"@id":"https:\/\/appsbuzz.com\/blog\/#website"},"datePublished":"2018-10-04T14:03:17+00:00","dateModified":"2020-01-13T14:45:45+00:00","breadcrumb":{"@id":"https:\/\/appsbuzz.com\/blog\/politica-de-privacidad\/#breadcrumb"},"inLanguage":"es","potentialAction":[{"@type":"ReadAction","target":["https:\/\/appsbuzz.com\/blog\/politica-de-privacidad\/"]}]},{"@type":"BreadcrumbList","@id":"https:\/\/appsbuzz.com\/blog\/politica-de-privacidad\/#breadcrumb","itemListElement":[{"@type":"ListItem","position":1,"name":"Portada","item":"https:\/\/appsbuzz.com\/blog\/"},{"@type":"ListItem","position":2,"name":"Politica de Privacidad"}]},{"@type":"WebSite","@id":"https:\/\/appsbuzz.com\/blog\/#website","url":"https:\/\/appsbuzz.com\/blog\/","name":"Appsbuzz","description":"Apps, Celulares y Tutoriales","publisher":{"@id":"https:\/\/appsbuzz.com\/blog\/#organization"},"potentialAction":[{"@type":"SearchAction","target":{"@type":"EntryPoint","urlTemplate":"https:\/\/appsbuzz.com\/blog\/?s={search_term_string}"},"query-input":{"@type":"PropertyValueSpecification","valueRequired":true,"valueName":"search_term_string"}}],"inLanguage":"es"},{"@type":"Organization","@id":"https:\/\/appsbuzz.com\/blog\/#organization","name":"Appsbuzz","url":"https:\/\/appsbuzz.com\/blog\/","logo":{"@type":"ImageObject","inLanguage":"es","@id":"https:\/\/appsbuzz.com\/blog\/#\/schema\/logo\/image\/","url":"https:\/\/appsbuzz.com\/blog\/wp-content\/uploads\/2018\/04\/logo-tdas.png","contentUrl":"https:\/\/appsbuzz.com\/blog\/wp-content\/uploads\/2018\/04\/logo-tdas.png","width":222,"height":68,"caption":"Appsbuzz"},"image":{"@id":"https:\/\/appsbuzz.com\/blog\/#\/schema\/logo\/image\/"},"sameAs":["https:\/\/www.pinterest.es\/tecnodas\/"]},false]}},"yasr_visitor_votes":{"stars_attributes":{"read_only":false,"span_bottom":false},"number_of_votes":0,"sum_votes":0},"_links":{"self":[{"href":"https:\/\/appsbuzz.com\/blog\/wp-json\/wp\/v2\/pages\/313"}],"collection":[{"href":"https:\/\/appsbuzz.com\/blog\/wp-json\/wp\/v2\/pages"}],"about":[{"href":"https:\/\/appsbuzz.com\/blog\/wp-json\/wp\/v2\/types\/page"}],"author":[{"embeddable":true,"href":"https:\/\/appsbuzz.com\/blog\/wp-json\/wp\/v2\/users\/1"}],"replies":[{"embeddable":true,"href":"https:\/\/appsbuzz.com\/blog\/wp-json\/wp\/v2\/comments?post=313"}],"version-history":[{"count":0,"href":"https:\/\/appsbuzz.com\/blog\/wp-json\/wp\/v2\/pages\/313\/revisions"}],"wp:attachment":[{"href":"https:\/\/appsbuzz.com\/blog\/wp-json\/wp\/v2\/media?parent=313"}],"curies":[{"name":"wp","href":"https:\/\/api.w.org\/{rel}","templated":true}]}}